{"id":278,"date":"2020-06-07T14:55:28","date_gmt":"2020-06-07T14:55:28","guid":{"rendered":"https:\/\/centinelaspeludos.com\/?page_id=278"},"modified":"2020-06-07T18:02:05","modified_gmt":"2020-06-07T18:02:05","slug":"que-es-c-e-s","status":"publish","type":"page","link":"https:\/\/centinelaspeludos.com\/index.php\/que-es-c-e-s\/","title":{"rendered":"\u00bfQu\u00e9 es C.E.S?"},"content":{"rendered":"\n<p>Las Siglas CES significan Captura,Esterilizaci\u00f3n y Suelta.<\/p>\n\n\n\n<p class=\"has-text-align-center\">Es el \u00fanico m\u00e9todo que se ha demostrado eficaz para controlar la poblaci\u00f3n de gatos callejeros.<\/p>\n\n\n\n<p>1\u00ba Captura de todos o la mayor\u00eda de los gatos de una colonia,<\/p>\n\n\n\n<p> 2\u00ba Esterilizaci\u00f3n de los animales, <\/p>\n\n\n\n<p>3\u00ba Los gatos esterilizados se devuelven a su territorio marcados con un corte en la oreja para identificarlos como est\u00e9riles, <\/p>\n\n\n\n<p>4\u00ba Los voluntarios que controlan la colonia les proporcionan alimento, abrigo y vigilan la incorporaci\u00f3n de gatos nuevos a la colonia,<\/p>\n\n\n\n<p>5\u00ba Los gatos adultos y amistosos o los suficientemente j\u00f3venes para que socialicen, se ofrecen en adopci\u00f3n.&nbsp;<\/p>\n\n\n\n<p><\/p>\n\n\n\n<p>La esterilizaci\u00f3n de un 70% de los gatos adultos f\u00e9rtiles de una colonia estabiliza inmediatamente su tama\u00f1o; si la esterilizaci\u00f3n es del 100%, la poblaci\u00f3n se reducir\u00e1 en un cierto plazo. La esterilizaci\u00f3n minimiza el comportamiento molesto de los gatos callejeros (maullidos, esc\u00e1ndalos por peleas y apareamiento, olor de las marcas territoriales de los machos fecundos). Los gatos est\u00e9riles son menos visibles ya que tienden a vagar menos, y siguen proporcionando un control natural de los roedores.\u00a0<\/p>\n\n\n\n<p>Otra ventaja potencial a gran escala es la reducci\u00f3n de gastos en perreras municipales y empresas de control de animales. El gasto asociado al m\u00e9todo tradicional de captura\/sacrificio incluye el tiempo requerido para que un funcionario atrape al gato, el alimento y refugio durante el per\u00edodo de espera antes del sacrificio, y el coste de \u00e9ste.En contraste, el gasto implicado en un programa CES es la esterilizaci\u00f3n y la vacunaci\u00f3n de cada gato. El trabajo de captura, alimentaci\u00f3n y cuidado es realizado por voluntarios. El programa CES moviliza a un gran n\u00famero de voluntarios que no dar\u00edan ni un solo paso si el destino final de los gatos fuera la muerte. La experiencia demuestra que cuando los gatos son puestos en libertad, controlados y cuidados en un \u00e1rea determinada, no faltan personas que aportan voluntariamente tiempo y esfuerzo a esta labor.<\/p>\n","protected":false},"excerpt":{"rendered":"<p>Las Siglas CES significan Captura,Esterilizaci\u00f3n y Suelta. Es el \u00fanico m\u00e9todo que se ha demostrado eficaz para controlar la poblaci\u00f3n de gatos callejeros. 1\u00ba Captura de todos o la mayor\u00eda de los gatos de una colonia, 2\u00ba Esterilizaci\u00f3n de los animales, 3\u00ba Los gatos esterilizados se devuelven a su territorio marcados con un corte en [&hellip;]<\/p>\n","protected":false},"author":2,"featured_media":0,"parent":0,"menu_order":0,"comment_status":"closed","ping_status":"closed","template":"","meta":{"site-sidebar-layout":"default","site-content-layout":"default","ast-site-content-layout":"default","site-content-style":"default","site-sidebar-style":"default","ast-global-header-display":"","ast-banner-title-visibility":"","ast-main-header-display":"","ast-hfb-above-header-display":"","ast-hfb-below-header-display":"","ast-hfb-mobile-header-display":"","site-post-title":"","ast-breadcrumbs-content":"","ast-featured-img":"","footer-sml-layout":"","ast-disable-related-posts":"","theme-transparent-header-meta":"default","adv-header-id-meta":"","stick-header-meta":"","header-above-stick-meta":"","header-main-stick-meta":"","header-below-stick-meta":"","astra-migrate-meta-layouts":"default","ast-page-background-enabled":"default","ast-page-background-meta":{"desktop":{"background-color":"","background-image":"","background-repeat":"repeat","background-position":"center center","background-size":"auto","background-attachment":"scroll","background-type":"","background-media":"","overlay-type":"","overlay-color":"","overlay-opacity":"","overlay-gradient":""},"tablet":{"background-color":"","background-image":"","background-repeat":"repeat","background-position":"center center","background-size":"auto","background-attachment":"scroll","background-type":"","background-media":"","overlay-type":"","overlay-color":"","overlay-opacity":"","overlay-gradient":""},"mobile":{"background-color":"","background-image":"","background-repeat":"repeat","background-position":"center center","background-size":"auto","background-attachment":"scroll","background-type":"","background-media":"","overlay-type":"","overlay-color":"","overlay-opacity":"","overlay-gradient":""}},"ast-content-background-meta":{"desktop":{"background-color":"var(--ast-global-color-5)","background-image":"","background-repeat":"repeat","background-position":"center center","background-size":"auto","background-attachment":"scroll","background-type":"","background-media":"","overlay-type":"","overlay-color":"","overlay-opacity":"","overlay-gradient":""},"tablet":{"background-color":"var(--ast-global-color-5)","background-image":"","background-repeat":"repeat","background-position":"center center","background-size":"auto","background-attachment":"scroll","background-type":"","background-media":"","overlay-type":"","overlay-color":"","overlay-opacity":"","overlay-gradient":""},"mobile":{"background-color":"var(--ast-global-color-5)","background-image":"","background-repeat":"repeat","background-position":"center center","background-size":"auto","background-attachment":"scroll","background-type":"","background-media":"","overlay-type":"","overlay-color":"","overlay-opacity":"","overlay-gradient":""}},"footnotes":""},"class_list":["post-278","page","type-page","status-publish","hentry"],"_links":{"self":[{"href":"https:\/\/centinelaspeludos.com\/index.php\/wp-json\/wp\/v2\/pages\/278","targetHints":{"allow":["GET"]}}],"collection":[{"href":"https:\/\/centinelaspeludos.com\/index.php\/wp-json\/wp\/v2\/pages"}],"about":[{"href":"https:\/\/centinelaspeludos.com\/index.php\/wp-json\/wp\/v2\/types\/page"}],"author":[{"embeddable":true,"href":"https:\/\/centinelaspeludos.com\/index.php\/wp-json\/wp\/v2\/users\/2"}],"replies":[{"embeddable":true,"href":"https:\/\/centinelaspeludos.com\/index.php\/wp-json\/wp\/v2\/comments?post=278"}],"version-history":[{"count":2,"href":"https:\/\/centinelaspeludos.com\/index.php\/wp-json\/wp\/v2\/pages\/278\/revisions"}],"predecessor-version":[{"id":286,"href":"https:\/\/centinelaspeludos.com\/index.php\/wp-json\/wp\/v2\/pages\/278\/revisions\/286"}],"wp:attachment":[{"href":"https:\/\/centinelaspeludos.com\/index.php\/wp-json\/wp\/v2\/media?parent=278"}],"curies":[{"name":"wp","href":"https:\/\/api.w.org\/{rel}","templated":true}]}}