{"id":212,"date":"2020-05-16T16:16:10","date_gmt":"2020-05-16T16:16:10","guid":{"rendered":"https:\/\/centinelaspeludos.com\/?page_id=212"},"modified":"2020-06-10T18:37:43","modified_gmt":"2020-06-10T18:37:43","slug":"adopta","status":"publish","type":"page","link":"https:\/\/centinelaspeludos.com\/index.php\/adopta\/","title":{"rendered":"Quiero Adoptar"},"content":{"rendered":"\n<p>Desafortunadamente es habitual que algunos propietarios que compran un cachorro de forma impulsiva decidan abandonarlo o dejarlo en una protectora de perros, cuando <strong>se dan cuenta de que convivir con \u00e9l implica un compromiso importante <\/strong>que puede superar los<strong> 10 a\u00f1os<\/strong> de dedicaci\u00f3n, paciencia y reestructuraci\u00f3n de la rutina diaria.<\/p>\n\n\n\n<ul class=\"wp-block-list\"><li>Si quieres adoptar , toda tu familia tiene que estar de acuerdo y sobre todo dispuesta a cambiar los h\u00e1bitos.<\/li><li>Sobretodo si es un perro porque necesitan paseos con frecuencia para su distracci\u00f3n y felicidad.<\/li><li>Si no puedes cumplir estos pocos requisitos , no adoptes.<\/li><li>No ser\u00e9is felices ni el animal ni tu familia, surgir\u00e1n los problemas de convivencia.<\/li><\/ul>\n\n\n\n<p>.<\/p>\n\n\n\n<h2 class=\"wp-block-heading\">Su Segunda oportunidad<\/h2>\n\n\n\n<p>En la mayor\u00eda de los casos, adoptar significa darle una segunda oportunidad a un animal que ha sufrido un proceso de abandono, y en ocasiones maltrato. Acogerlo en tu casa de por vida y darle la estabilidad, los cuidados y el cari\u00f1o que necesita va a ayudarlo a que recupere su confianza y su autoestima.<\/p>\n\n\n\n<h2 class=\"wp-block-heading\">Agradecimiento y v\u00ednculo afectivo con el animal adoptado<\/h2>\n\n\n\n<p>A cambio, la recompensa que vas a obtener es infinita. Aunque algunos de los perros\/gatos que han pasado por estos procesos pueden ser temerosos o asustadizos, su capacidad de agradecimiento a medida que se habit\u00faen a tu familia o a ti llenar\u00e1 de felicidad vuestro d\u00eda a d\u00eda, porque adoptar una mascota contribuir\u00e1 a que gener\u00e9is un v\u00ednculo de amor mutuo e incondicional.<\/p>\n\n\n\n<h2 class=\"wp-block-heading\">Pasos para adoptar una mascota con Centinelas<\/h2>\n\n\n\n<p>El proceso de adopci\u00f3n se realiza de forma controlada y profesional, y se lleva a cabo mediante un protocolo orientado a garantizar el bienestar del animal a tu lado, al ser \u00e9sta la \u00fanica manera de asegurar que el animal no volver\u00e1 a pasar por situaciones que puedan traumatizarlo. <\/p>\n\n\n\n<p>Lo primero es completar un cuestionario, donde responder\u00e1 de forma sincera por el bien de todas las partes.<\/p>\n\n\n\n<p>Una vez los compa\u00f1eros de la asociaci\u00f3n hayan estudiado dicho cuestionario se valorar\u00e1 la posibilidad de seguir con la adopci\u00f3n o no.<\/p>\n\n\n\n<p>Es obligatorio que el animal sea esterilizado, vacunado y chipado.<\/p>\n\n\n\n<p>Todos estos requisitos solo pretenden proteger a los animales y sobre todo terminar con el abandono.<\/p>\n\n\n\n<p><\/p>\n\n\n\n<p><\/p>\n","protected":false},"excerpt":{"rendered":"<p>Desafortunadamente es habitual que algunos propietarios que compran un cachorro de forma impulsiva decidan abandonarlo o dejarlo en una protectora de perros, cuando se dan cuenta de que convivir con \u00e9l implica un compromiso importante que puede superar los 10 a\u00f1os de dedicaci\u00f3n, paciencia y reestructuraci\u00f3n de la rutina diaria. Si quieres adoptar , toda [&hellip;]<\/p>\n","protected":false},"author":2,"featured_media":0,"parent":0,"menu_order":4,"comment_status":"closed","ping_status":"closed","template":"","meta":{"site-sidebar-layout":"default","site-content-layout":"default","ast-site-content-layout":"default","site-content-style":"default","site-sidebar-style":"default","ast-global-header-display":"","ast-banner-title-visibility":"","ast-main-header-display":"","ast-hfb-above-header-display":"","ast-hfb-below-header-display":"","ast-hfb-mobile-header-display":"","site-post-title":"","ast-breadcrumbs-content":"","ast-featured-img":"","footer-sml-layout":"","ast-disable-related-posts":"","theme-transparent-header-meta":"default","adv-header-id-meta":"","stick-header-meta":"","header-above-stick-meta":"","header-main-stick-meta":"","header-below-stick-meta":"","astra-migrate-meta-layouts":"default","ast-page-background-enabled":"default","ast-page-background-meta":{"desktop":{"background-color":"","background-image":"","background-repeat":"repeat","background-position":"center center","background-size":"auto","background-attachment":"scroll","background-type":"","background-media":"","overlay-type":"","overlay-color":"","overlay-opacity":"","overlay-gradient":""},"tablet":{"background-color":"","background-image":"","background-repeat":"repeat","background-position":"center center","background-size":"auto","background-attachment":"scroll","background-type":"","background-media":"","overlay-type":"","overlay-color":"","overlay-opacity":"","overlay-gradient":""},"mobile":{"background-color":"","background-image":"","background-repeat":"repeat","background-position":"center center","background-size":"auto","background-attachment":"scroll","background-type":"","background-media":"","overlay-type":"","overlay-color":"","overlay-opacity":"","overlay-gradient":""}},"ast-content-background-meta":{"desktop":{"background-color":"var(--ast-global-color-5)","background-image":"","background-repeat":"repeat","background-position":"center center","background-size":"auto","background-attachment":"scroll","background-type":"","background-media":"","overlay-type":"","overlay-color":"","overlay-opacity":"","overlay-gradient":""},"tablet":{"background-color":"var(--ast-global-color-5)","background-image":"","background-repeat":"repeat","background-position":"center center","background-size":"auto","background-attachment":"scroll","background-type":"","background-media":"","overlay-type":"","overlay-color":"","overlay-opacity":"","overlay-gradient":""},"mobile":{"background-color":"var(--ast-global-color-5)","background-image":"","background-repeat":"repeat","background-position":"center center","background-size":"auto","background-attachment":"scroll","background-type":"","background-media":"","overlay-type":"","overlay-color":"","overlay-opacity":"","overlay-gradient":""}},"footnotes":""},"class_list":["post-212","page","type-page","status-publish","hentry"],"_links":{"self":[{"href":"https:\/\/centinelaspeludos.com\/index.php\/wp-json\/wp\/v2\/pages\/212","targetHints":{"allow":["GET"]}}],"collection":[{"href":"https:\/\/centinelaspeludos.com\/index.php\/wp-json\/wp\/v2\/pages"}],"about":[{"href":"https:\/\/centinelaspeludos.com\/index.php\/wp-json\/wp\/v2\/types\/page"}],"author":[{"embeddable":true,"href":"https:\/\/centinelaspeludos.com\/index.php\/wp-json\/wp\/v2\/users\/2"}],"replies":[{"embeddable":true,"href":"https:\/\/centinelaspeludos.com\/index.php\/wp-json\/wp\/v2\/comments?post=212"}],"version-history":[{"count":4,"href":"https:\/\/centinelaspeludos.com\/index.php\/wp-json\/wp\/v2\/pages\/212\/revisions"}],"predecessor-version":[{"id":275,"href":"https:\/\/centinelaspeludos.com\/index.php\/wp-json\/wp\/v2\/pages\/212\/revisions\/275"}],"wp:attachment":[{"href":"https:\/\/centinelaspeludos.com\/index.php\/wp-json\/wp\/v2\/media?parent=212"}],"curies":[{"name":"wp","href":"https:\/\/api.w.org\/{rel}","templated":true}]}}